{"id":1148,"date":"2023-09-15T19:05:39","date_gmt":"2023-09-15T18:05:39","guid":{"rendered":"https:\/\/univerzitetps.com\/?page_id=1148"},"modified":"2023-09-15T19:05:58","modified_gmt":"2023-09-15T18:05:58","slug":"studijski-program-menadzment-i-marketing-malih-i-srednjih-preduzeca-studijska-grupa-menadzment-i-marketing-malih-i-srednjih-preduzeca-180-ects","status":"publish","type":"page","link":"https:\/\/univerzitetps.com\/en\/studijski-program-menadzment-i-marketing-malih-i-srednjih-preduzeca-studijska-grupa-menadzment-i-marketing-malih-i-srednjih-preduzeca-180-ects\/","title":{"rendered":"Studijski program Menad\u017ement i marketing malih i srednjih preduze\u0107a &#8211; studijska grupa Menad\u017ement i marketing malih i srednjih preduze\u0107a 240 ECTS"},"content":{"rendered":"<div class=\"wp-block-group\"><div class=\"wp-block-group__inner-container is-layout-constrained wp-block-group-is-layout-constrained\">\n<div class=\"wp-block-columns is-layout-flex wp-container-core-columns-is-layout-9d6595d7 wp-block-columns-is-layout-flex\">\n<div class=\"wp-block-column is-layout-flow wp-block-column-is-layout-flow\">\n<p><strong>PRVA GODINA<\/strong><\/p>\n<\/div>\n<\/div>\n<\/div><\/div>\n\n\n\n<figure class=\"wp-block-table is-style-stripes\"><table class=\"has-fixed-layout\"><thead><tr><th class=\"has-text-align-center\" data-align=\"center\" width=\"70px\">Redni broj<\/th><th class=\"has-text-align-center\" data-align=\"center\"; width=\"200px\">Naziv predmeta<\/th><th class=\"has-text-align-center\" data-align=\"center\" width=\"100px\">Status predmeta : Obavezni (O) Izborni (I)<\/th><th class=\"has-text-align-center\" data-align=\"center\" width=\"60px\">ECTS<\/th><\/tr><\/thead><tbody><tr><td class=\"has-text-align-center\" data-align=\"center\"><strong>1.<\/strong><\/td><td class=\"has-text-align-left\" data-align=\"left\">Osnovi ekonomije\n<\/td><td class=\"has-text-align-center\" data-align=\"center\">O<\/td><td class=\"has-text-align-center\" data-align=\"center\">7<\/td><\/tr><tr><td class=\"has-text-align-center\" data-align=\"center\"><strong>2.<\/strong><\/td><td class=\"has-text-align-left\" data-align=\"left\">Osnovi menad\u017ementa i preduzetni\u0161tva\n<\/td><td class=\"has-text-align-center\" data-align=\"center\">O<\/td><td class=\"has-text-align-center\" data-align=\"center\">8<\/td><\/tr><tr><td class=\"has-text-align-center\" data-align=\"center\"><strong>3.<\/strong><\/td><td class=\"has-text-align-left\" data-align=\"left\">Poslovna informatika<\/td><td class=\"has-text-align-center\" data-align=\"center\">O<\/td><td class=\"has-text-align-center\" data-align=\"center\">7<\/td><\/tr><tr><td class=\"has-text-align-center\" data-align=\"center\"><strong>4.<\/strong><\/td><td class=\"has-text-align-left\" data-align=\"left\">Poslovna matematika<\/td><td class=\"has-text-align-center\" data-align=\"center\">O<\/td><td class=\"has-text-align-center\" data-align=\"center\">8<\/td><\/tr><tr><td class=\"has-text-align-center\" data-align=\"center\"><strong>5.<\/strong><\/td><td class=\"has-text-align-left\" data-align=\"left\">Poslovna statistika<\/td><td class=\"has-text-align-center\" data-align=\"center\">O<\/td><td class=\"has-text-align-center\" data-align=\"center\">7<\/td><\/tr><tr><td class=\"has-text-align-center\" data-align=\"center\"><strong>6.<\/strong><\/td><td class=\"has-text-align-left\" data-align=\"left\">Uvod u ra\u010dunovodstvo<\/td><td class=\"has-text-align-center\" data-align=\"center\">O<\/td><td class=\"has-text-align-center\" data-align=\"center\">8<\/td><\/tr><tr><td class=\"has-text-align-center\" data-align=\"center\"><strong>7.<\/strong><\/td><td class=\"has-text-align-left\" data-align=\"left\">Poslovni strani jezik<\/td><td class=\"has-text-align-center\" data-align=\"center\">O<\/td><td class=\"has-text-align-center\" data-align=\"center\">7<\/td><\/tr><tr><td class=\"has-text-align-center\" data-align=\"center\"><strong>8.<\/strong><\/td><td class=\"has-text-align-left\" data-align=\"left\">Poslovna kultura<\/td><td class=\"has-text-align-center\" data-align=\"center\">O<\/td><td class=\"has-text-align-center\" data-align=\"center\">8<\/td><\/tr><tr><td class=\"has-text-align-center\" data-align=\"center\"><\/td><td class=\"has-text-align-center\" data-align=\"center\"><\/td><td class=\"has-text-align-center\" data-align=\"center\">                         <strong> Ukupno ECTS:<\/strong><\/td><td class=\"has-text-align-center\" data-align=\"center\"><strong>60<\/strong><\/td><\/tr><\/tbody><\/table><\/figure>\n\n\n\n<p><strong>DRUGA GODINA<\/strong><\/p>\n\n\n\n<figure class=\"wp-block-table is-style-stripes\"><table class=\"has-fixed-layout\"><thead><tr><th class=\"has-text-align-center\" data-align=\"center\" width=\"70px\">Redni broj<\/th><th class=\"has-text-align-center\" data-align=\"center\"; width=\"200px\">Naziv predmeta<\/th><th class=\"has-text-align-center\" data-align=\"center\" width=\"100px\">Status predmeta : Obavezni (O) Izborni (I)<\/th><th class=\"has-text-align-center\" data-align=\"center\" width=\"60px\">ECTS<\/th><\/tr><\/thead><tbody><tr><td class=\"has-text-align-center\" data-align=\"center\"><strong>1.<\/strong><\/td><td class=\"has-text-align-left\" data-align=\"left\">Op\u0161te u\u010denje o pravu\n<\/td><td class=\"has-text-align-center\" data-align=\"center\">O<\/td><td class=\"has-text-align-center\" data-align=\"center\">7<\/td><\/tr><tr><td class=\"has-text-align-center\" data-align=\"center\"><strong>2.<\/strong><\/td><td class=\"has-text-align-left\" data-align=\"left\">Finansijsko ra\u010dunovodstvo<\/td><td class=\"has-text-align-center\" data-align=\"center\">O<\/td><td class=\"has-text-align-center\" data-align=\"center\">8<\/td><\/tr><tr><td class=\"has-text-align-center\" data-align=\"center\"><strong>3.<\/strong><\/td><td class=\"has-text-align-left\" data-align=\"left\">Ekonomija korporativnih preduze\u0107a<\/td><td class=\"has-text-align-center\" data-align=\"center\">O<\/td><td class=\"has-text-align-center\" data-align=\"center\">7<\/td><\/tr><tr><td class=\"has-text-align-center\" data-align=\"center\"><strong>4.<\/strong><\/td><td class=\"has-text-align-left\" data-align=\"left\">Upravljanje doga\u0111ajima<\/td><td class=\"has-text-align-center\" data-align=\"center\">I<\/td><td class=\"has-text-align-center\" data-align=\"center\">8<\/td><\/tr><tr><td class=\"has-text-align-center\" data-align=\"center\"><strong>5.<\/strong><\/td><td class=\"has-text-align-left\" data-align=\"left\">Pravo EU<\/td><td class=\"has-text-align-center\" data-align=\"center\">I<\/td><td class=\"has-text-align-center\" data-align=\"center\">8<\/td><\/tr><tr><td class=\"has-text-align-center\" data-align=\"center\"><strong>6.<\/strong><\/td><td class=\"has-text-align-left\" data-align=\"left\">Osnove finansijskog menad\u017ementa<\/td><td class=\"has-text-align-center\" data-align=\"center\">O<\/td><td class=\"has-text-align-center\" data-align=\"center\">7<\/td><\/tr><tr><td class=\"has-text-align-center\" data-align=\"center\"><strong>7.<\/strong><\/td><td class=\"has-text-align-left\" data-align=\"left\">Trgovinski menad\u017ement<\/td><td class=\"has-text-align-center\" data-align=\"center\">O<\/td><td class=\"has-text-align-center\" data-align=\"center\">8<\/td><\/tr><tr><td class=\"has-text-align-center\" data-align=\"center\"><strong>8.<\/strong><\/td><td class=\"has-text-align-left\" data-align=\"left\">Upravljanje kvalitetom<\/td><td class=\"has-text-align-center\" data-align=\"center\">O<\/td><td class=\"has-text-align-center\" data-align=\"center\">7<\/td><\/tr><tr><td class=\"has-text-align-center\" data-align=\"center\"><strong>9.<\/strong><\/td><td class=\"has-text-align-left\" data-align=\"left\">Upravljanje ljudskim resursima<\/td><td class=\"has-text-align-center\" data-align=\"center\">I<\/td><td class=\"has-text-align-center\" data-align=\"center\">8<\/td><\/tr><tr><td class=\"has-text-align-center\" data-align=\"center\"><strong>10.<\/strong><\/td><td class=\"has-text-align-left\" data-align=\"left\">Poslovne finansije<\/td><td class=\"has-text-align-center\" data-align=\"center\">I<\/td><td class=\"has-text-align-center\" data-align=\"center\">8<\/td><\/tr><tr><td class=\"has-text-align-center\" data-align=\"center\"><\/td><td class=\"has-text-align-center\" data-align=\"center\"><\/td><td class=\"has-text-align-center\" data-align=\"center\">                         <strong> Ukupno ECTS:<\/strong><\/td><td class=\"has-text-align-center\" data-align=\"center\"><strong>60<\/strong><\/td><\/tr><\/tbody><\/table><\/figure>\n\n\n\n<p><strong>TRE\u0106A GODINA<\/strong><\/p>\n\n\n\n<figure class=\"wp-block-table is-style-stripes\"><table class=\"has-fixed-layout\"><thead><tr><th class=\"has-text-align-center\" data-align=\"center\" width=\"70px\">Redni broj<\/th><th class=\"has-text-align-center\" data-align=\"center\"; width=\"200px\">Naziv predmeta<\/th><th class=\"has-text-align-center\" data-align=\"center\" width=\"100px\">Status predmeta : Obavezni (O) Izborni (I)<\/th><th class=\"has-text-align-center\" data-align=\"center\" width=\"60px\">ECTS<\/th><\/tr><\/thead><tbody><tr><td class=\"has-text-align-center\" data-align=\"center\"><strong>1.<\/strong><\/td><td class=\"has-text-align-left\" data-align=\"left\">Me\u0111unarodna ekonomija<\/td><td class=\"has-text-align-center\" data-align=\"center\">O<\/td><td class=\"has-text-align-center\" data-align=\"center\">7<\/td><\/tr><tr><td class=\"has-text-align-center\" data-align=\"center\"><strong>2.<\/strong><\/td><td class=\"has-text-align-left\" data-align=\"left\">Strategijski menad\u017ement<\/td><td class=\"has-text-align-center\" data-align=\"center\">O<\/td><td class=\"has-text-align-center\" data-align=\"center\">8<\/td><\/tr><tr><td class=\"has-text-align-center\" data-align=\"center\"><strong>3.<\/strong><\/td><td class=\"has-text-align-left\" data-align=\"left\">Marketing<\/td><td class=\"has-text-align-center\" data-align=\"center\">O<\/td><td class=\"has-text-align-center\" data-align=\"center\">7<\/td><\/tr><tr><td class=\"has-text-align-center\" data-align=\"center\"><strong>4.<\/strong><\/td><td class=\"has-text-align-left\" data-align=\"left\">Projektni i investicioni menad\u017ement<\/td><td class=\"has-text-align-center\" data-align=\"center\">I<\/td><td class=\"has-text-align-center\" data-align=\"center\">8<\/td><\/tr><tr><td class=\"has-text-align-center\" data-align=\"center\"><strong>5.<\/strong><\/td><td class=\"has-text-align-left\" data-align=\"left\">Krizni menad\u017ement i upravljanje konfliktima<\/td><td class=\"has-text-align-center\" data-align=\"center\">I<\/td><td class=\"has-text-align-center\" data-align=\"center\">8<\/td><\/tr><tr><td class=\"has-text-align-center\" data-align=\"center\"><strong>6.<\/strong><\/td><td class=\"has-text-align-left\" data-align=\"left\">Berze i berzansko poslovanje<\/td><td class=\"has-text-align-center\" data-align=\"center\">O<\/td><td class=\"has-text-align-center\" data-align=\"center\">7<\/td><\/tr><tr><td class=\"has-text-align-center\" data-align=\"center\"><strong>7.<\/strong><\/td><td class=\"has-text-align-left\" data-align=\"left\">Proizvodni i uslu\u017eni menad\u017ement<\/td><td class=\"has-text-align-center\" data-align=\"center\">O<\/td><td class=\"has-text-align-center\" data-align=\"center\">8<\/td><\/tr><tr><td class=\"has-text-align-center\" data-align=\"center\"><strong>8.<\/strong><\/td><td class=\"has-text-align-left\" data-align=\"left\">Management of small and medium-sized enterprises<\/td><td class=\"has-text-align-center\" data-align=\"center\">O<\/td><td class=\"has-text-align-center\" data-align=\"center\">7<\/td><\/tr><tr><td class=\"has-text-align-center\" data-align=\"center\"><strong>9.<\/strong><\/td><td class=\"has-text-align-left\" data-align=\"left\">Menad\u017ement informacionih sistema<\/td><td class=\"has-text-align-center\" data-align=\"center\">O<\/td><td class=\"has-text-align-center\" data-align=\"center\">8<\/td><\/tr><tr><td class=\"has-text-align-center\" data-align=\"center\"><\/td><td class=\"has-text-align-center\" data-align=\"center\"><\/td><td class=\"has-text-align-center\" data-align=\"center\">                         <strong> Ukupno ECTS:<\/strong><\/td><td class=\"has-text-align-center\" data-align=\"center\"><strong>60<\/strong><\/td><\/tr><\/tbody><\/table><\/figure>\n\n\n\n<p><strong>\u010cETVRTA GODINA<\/strong><\/p>\n\n\n\n<figure class=\"wp-block-table is-style-stripes\"><table class=\"has-fixed-layout\"><thead><tr><th class=\"has-text-align-center\" data-align=\"center\" width=\"70px\">Redni broj<\/th><th class=\"has-text-align-center\" data-align=\"center\"; width=\"200px\">Naziv predmeta<\/th><th class=\"has-text-align-center\" data-align=\"center\" width=\"100px\">Status predmeta : Obavezni (O) Izborni (I)<\/th><th class=\"has-text-align-center\" data-align=\"center\" width=\"60px\">ECTS<\/th><\/tr><\/thead><tbody><tr><td class=\"has-text-align-center\" data-align=\"center\"><strong>1.<\/strong><\/td><td class=\"has-text-align-left\" data-align=\"left\">Me\u0111unarodni marketing<\/td><td class=\"has-text-align-center\" data-align=\"center\">O<\/td><td class=\"has-text-align-center\" data-align=\"center\">7<\/td><\/tr><tr><td class=\"has-text-align-center\" data-align=\"center\"><strong>2.<\/strong><\/td><td class=\"has-text-align-left\" data-align=\"left\">Me\u0111unarodno poslovanje i internacionalni menad\u017ement<\/td><td class=\"has-text-align-center\" data-align=\"center\">O<\/td><td class=\"has-text-align-center\" data-align=\"center\">8<\/td><\/tr><tr><td class=\"has-text-align-center\" data-align=\"center\"><strong>3.<\/strong><\/td><td class=\"has-text-align-left\" data-align=\"left\">Menad\u017ement i marketing uslu\u017enog sektora<\/td><td class=\"has-text-align-center\" data-align=\"center\">O<\/td><td class=\"has-text-align-center\" data-align=\"center\">7<\/td><\/tr><tr><td class=\"has-text-align-center\" data-align=\"center\"><strong>4.<\/strong><\/td><td class=\"has-text-align-left\" data-align=\"left\">Pona\u0161anje potro\u0161a\u010da<\/td><td class=\"has-text-align-center\" data-align=\"center\">O<\/td><td class=\"has-text-align-center\" data-align=\"center\">8<\/td><\/tr><tr><td class=\"has-text-align-center\" data-align=\"center\"><strong>5.<\/strong><\/td><td class=\"has-text-align-left\" data-align=\"left\">Menad\u017ement istra\u017eivanja i razvoja<\/td><td class=\"has-text-align-center\" data-align=\"center\">O<\/td><td class=\"has-text-align-center\" data-align=\"center\">8<\/td><\/tr><tr><td class=\"has-text-align-center\" data-align=\"center\"><strong>6.<\/strong><\/td><td class=\"has-text-align-left\" data-align=\"left\">Poslovne i preduzetni\u010dke finansije<\/td><td class=\"has-text-align-center\" data-align=\"center\">O<\/td><td class=\"has-text-align-center\" data-align=\"center\">8<\/td><\/tr><tr><td class=\"has-text-align-center\" data-align=\"center\"><strong>7.<\/strong><\/td><td class=\"has-text-align-left\" data-align=\"left\">Korporacijsko ra\u010dunovodstvo<\/td><td class=\"has-text-align-center\" data-align=\"center\">I<\/td><td class=\"has-text-align-center\" data-align=\"center\">7<\/td><\/tr><tr><td class=\"has-text-align-center\" data-align=\"center\"><strong>8.<\/strong><\/td><td class=\"has-text-align-left\" data-align=\"left\">E-biznis i internet poslovanje<\/td><td class=\"has-text-align-center\" data-align=\"center\">I<\/td><td class=\"has-text-align-center\" data-align=\"center\">7<\/td><\/tr><tr><td class=\"has-text-align-center\" data-align=\"center\"><strong>9.<\/strong><\/td><td class=\"has-text-align-left\" data-align=\"left\">\u0160pedicija i transport<\/td><td class=\"has-text-align-center\" data-align=\"center\">I<\/td><td class=\"has-text-align-center\" data-align=\"center\">7<\/td><\/tr><tr><td class=\"has-text-align-center\" data-align=\"center\"><strong>10.<\/strong><\/td><td class=\"has-text-align-left\" data-align=\"left\">Istra\u017eivanje tr\u017ei\u0161ta<\/td><td class=\"has-text-align-center\" data-align=\"center\">I<\/td><td class=\"has-text-align-center\" data-align=\"center\">7<\/td><\/tr><tr><td class=\"has-text-align-center\" data-align=\"center\"><strong><\/strong><\/td><td class=\"has-text-align-left\" data-align=\"left\">ZAVR\u0160NI RAD<\/td><td class=\"has-text-align-center\" data-align=\"center\">I<\/td><td class=\"has-text-align-center\" data-align=\"center\"><\/td><\/tr><tr><td class=\"has-text-align-center\" data-align=\"center\"><\/td><td class=\"has-text-align-center\" data-align=\"center\"><\/td><td class=\"has-text-align-center\" data-align=\"center\">                         <strong> Ukupno ECTS:<\/strong><\/td><td class=\"has-text-align-center\" data-align=\"center\"><strong>60<\/strong><\/td><\/tr><\/tbody><\/table><\/figure>","protected":false},"excerpt":{"rendered":"<p>PRVA GODINA Redni broj Naziv predmeta Status predmeta : Obavezni (O) Izborni (I) ECTS 1. Osnovi ekonomije O 7 2.<span class=\"excerpt-hellip\"> [\u2026]<\/span><\/p>\n","protected":false},"author":2,"featured_media":0,"parent":0,"menu_order":0,"comment_status":"closed","ping_status":"closed","template":"","meta":{"footnotes":""},"class_list":["post-1148","page","type-page","status-publish","hentry"],"_links":{"self":[{"href":"https:\/\/univerzitetps.com\/en\/wp-json\/wp\/v2\/pages\/1148","targetHints":{"allow":["GET"]}}],"collection":[{"href":"https:\/\/univerzitetps.com\/en\/wp-json\/wp\/v2\/pages"}],"about":[{"href":"https:\/\/univerzitetps.com\/en\/wp-json\/wp\/v2\/types\/page"}],"author":[{"embeddable":true,"href":"https:\/\/univerzitetps.com\/en\/wp-json\/wp\/v2\/users\/2"}],"replies":[{"embeddable":true,"href":"https:\/\/univerzitetps.com\/en\/wp-json\/wp\/v2\/comments?post=1148"}],"version-history":[{"count":2,"href":"https:\/\/univerzitetps.com\/en\/wp-json\/wp\/v2\/pages\/1148\/revisions"}],"predecessor-version":[{"id":1150,"href":"https:\/\/univerzitetps.com\/en\/wp-json\/wp\/v2\/pages\/1148\/revisions\/1150"}],"wp:attachment":[{"href":"https:\/\/univerzitetps.com\/en\/wp-json\/wp\/v2\/media?parent=1148"}],"curies":[{"name":"wp","href":"https:\/\/api.w.org\/{rel}","templated":true}]}}